{"id":4277,"date":"2021-06-09T17:23:23","date_gmt":"2021-06-09T15:23:23","guid":{"rendered":"https:\/\/rat-stuttgart.de\/?page_id=4277"},"modified":"2026-02-02T16:18:32","modified_gmt":"2026-02-02T15:18:32","slug":"impressum","status":"publish","type":"page","link":"https:\/\/rat-stuttgart.de\/?page_id=4277","title":{"rendered":"Impressum"},"content":{"rendered":"<div class=\"fusion-fullwidth fullwidth-box fusion-builder-row-1 fusion-flex-container nonhundred-percent-fullwidth non-hundred-percent-height-scrolling\" style=\"background-color: rgba(255,255,255,0);background-position: center center;background-repeat: no-repeat;border-width: 0px 0px 0px 0px;border-color:#e2e2e2;border-style:solid;\" ><div class=\"fusion-builder-row fusion-row fusion-flex-align-items-flex-start\" style=\"max-width:1248px;margin-left: calc(-4% \/ 2 );margin-right: calc(-4% \/ 2 );\"><div class=\"fusion-layout-column fusion_builder_column fusion-builder-column-0 fusion_builder_column_1_1 1_1 fusion-flex-column\"><div class=\"fusion-column-wrapper fusion-flex-justify-content-flex-start fusion-content-layout-column\" style=\"background-position:left top;background-repeat:no-repeat;-webkit-background-size:cover;-moz-background-size:cover;-o-background-size:cover;background-size:cover;padding: 0px 0px 0px 0px;\"><style type=\"text\/css\">@media only screen and (max-width:1024px) {.fusion-title.fusion-title-1{margin-top:10px!important;margin-bottom:15px!important;}}@media only screen and (max-width:640px) {.fusion-title.fusion-title-1{margin-top:10px!important;margin-bottom:10px!important;}}<\/style><div class=\"fusion-title title fusion-title-1 fusion-sep-none fusion-title-text fusion-title-size-one\" style=\"margin-top:10px;margin-bottom:15px;\"><h1 class=\"title-heading-left\" style=\"margin:0;\">impressum<\/h1><\/div><div class=\"fusion-text fusion-text-1\"><h6>Informationen nach \u00a7 5 TMG, \u00a7 2 DL-InfoV und Art. 14 ODR-Verordnung<\/h6>\n<h6 style=\"text-align: center;\"><\/h6>\n<\/div><div class=\"fusion-text fusion-text-2\"><h2>BETREIBERIN DES INTERNETAUFTRITTS<\/h2>\n<h2 style=\"text-align: center;\"><\/h2>\n<\/div><div class=\"fusion-text fusion-text-3\"><h6 style=\"text-align: left;\"><strong>RAT RIEKER AUDIT TAX GMBH<\/strong><br \/>\nWirtschaftspr\u00fcfungsgesellschaft<br \/>\nSteuerberatungsgesellschaft<br \/>\nUlmer Str. 191<br \/>\n70188 Stuttgart<\/h6>\n<h2 style=\"text-align: center;\"><\/h2>\n<\/div><div class=\"fusion-text fusion-text-4\"><h6>Telefon:\u00a0<a title=\"Dieser Link \u00f6ffnet die Rufnummer f\u00fcr Mobiltelefone und Smartphones\" href=\"tel:+49711237380\">+49 (0) 711 23 738 &#8211; 0<\/a><br \/>\nTelefax: +49 (0) 711 23 73 8 &#8211; 99<\/h6>\n<h6>Mail: <a href=\"mailto:info@rat-stuttgart.de\">info@rat-stuttgart.de<\/a><br \/>\nWeb:\u00a0\u00a0<a title=\"\u00d6ffnet ein neues Fenster mit der Startseite des Internetauftritts von H\/W\/S\" href=\"http:\/\/www.rat-stuttgart.de\/\" target=\"_blank\" rel=\"noopener\">www.rat-stuttgart.de<\/a><\/h6>\n<h6><strong>Sitz der Gesellschaft<\/strong>: Stuttgart<br \/>\nAmtsgericht Stuttgart, Registernummer: HRB 185 44<\/h6>\n<h6><\/h6>\n<h2 style=\"text-align: center;\"><\/h2>\n<\/div><div class=\"fusion-text fusion-text-5\"><h2>GESCH\u00c4FTSF\u00dcHRER<\/h2>\n<h2 style=\"text-align: center;\"><\/h2>\n<\/div><div class=\"fusion-text fusion-text-6\"><h6 style=\"text-align: left;\">WP StB Prof. Dr. Helmut Rieker<br \/>\nWP StB Fabian Rieker<br \/>\nWP Philipp Rieker<\/h6>\n<h2 style=\"text-align: center;\"><\/h2>\n<\/div><div class=\"fusion-text fusion-text-7\"><h2>STAAT DER ZULASSUNG<\/h2>\n<h2 style=\"text-align: center;\"><\/h2>\n<\/div><div class=\"fusion-text fusion-text-8\"><h6 style=\"text-align: left;\">Deutschland<\/h6>\n<h2 style=\"text-align: center;\"><\/h2>\n<\/div><div class=\"fusion-text fusion-text-9\"><h2>ZUST\u00c4NDIGE AUFSICHTSBEH\u00d6RDEN<\/h2>\n<h2 style=\"text-align: center;\"><\/h2>\n<\/div><div class=\"fusion-text fusion-text-10\"><h6>Wirtschaftspr\u00fcferkammer (WPK):<br \/>\nRauchstra\u00dfe 26, 10787 Berlin<\/h6>\n<h6>Steuerberatungskammer Stuttgart:<br \/>\nKd\u00f6R, Hegelstra\u00dfe 33, 70174 Stuttgart<\/h6>\n<h6 style=\"text-align: center;\"><\/h6>\n<\/div><div class=\"fusion-text fusion-text-11\"><h2>ZUST\u00c4NDIGE KAMMERN<\/h2>\n<h2 style=\"text-align: center;\"><\/h2>\n<\/div><div class=\"fusion-text fusion-text-12\"><h6>Wirtschaftspr\u00fcferkammer (WPK):<br \/>\nRauchstra\u00dfe 26, 10787 Berlin<\/h6>\n<h6>Steuerberatungskammer Stuttgart:<br \/>\nKd\u00f6R, Hegelstra\u00dfe 33, 70174 Stuttgart<\/h6>\n<h6 style=\"text-align: center;\"><\/h6>\n<\/div><div class=\"fusion-text fusion-text-13\"><h2>BERUFSBEZEICHNUNG<\/h2>\n<h2 style=\"text-align: center;\"><\/h2>\n<\/div><div class=\"fusion-text fusion-text-14\"><h6>Wirtschaftspr\u00fcfungsgesellschaft (verliehen in der Bundesrepublik Deutschland, Baden-W\u00fcrttemberg)<br \/>\nSteuerberatungsgesellschaft (verliehen von der Steuerberatungskammer Stuttgart)<\/h6>\n<h6 style=\"text-align: center;\"><\/h6>\n<\/div><div class=\"fusion-text fusion-text-15\"><h2>BERUFSRECHTLICHE REGELUNGEN<\/h2>\n<h2 style=\"text-align: center;\"><\/h2>\n<\/div><div class=\"fusion-text fusion-text-16\"><ul>\n<li>\n<h6>Wirtschaftspr\u00fcferordnung (WPO)<\/h6>\n<\/li>\n<li>\n<h6>Berufssatzung f\u00fcr Wirtschaftspr\u00fcfer (BSWP)<\/h6>\n<\/li>\n<li>\n<h6>Satzung f\u00fcr Qualit\u00e4tskontrolle<\/h6>\n<\/li>\n<li>\n<h6>Verordnung \u00fcber Gestaltung des Siegels der Wirtschaftspr\u00fcfer und weiteres (Siegel-VO)<\/h6>\n<\/li>\n<li>\n<h6>Verordnung \u00fcber die Berufshaftpflichtversicherung der Wirtschaftspr\u00fcfer (BHV)<\/h6>\n<\/li>\n<li>\n<h6>Steuerberatungsgesetz<\/h6>\n<\/li>\n<li>\n<h6>Durchf\u00fchrungsverordnung zum Steuerberatungsgesetz<\/h6>\n<\/li>\n<li>\n<h6>Berufsordnung<\/h6>\n<\/li>\n<li>\n<h6>Steuerberatergeb\u00fchrenverordnung<\/h6>\n<\/li>\n<\/ul>\n<h6>Die berufsrechtlichen Regelungen k\u00f6nnen bei der zust\u00e4ndigen Wirtschaftspr\u00fcferkammer unter\u00a0<a title=\"Zum Internetauftritt der zust\u00e4ndigen Kammer\" href=\"http:\/\/www.wpk.de\/\" target=\"_blank\" rel=\"noopener\">www.wpk.de<\/a>\u00a0und der zust\u00e4ndigen Steuerberaterkammer Stuttgart unter\u00a0<a title=\"Zum Internetauftritt der zust\u00e4ndigen Kammer\" href=\"http:\/\/www.stbk-stuttgart.de\/\" target=\"_blank\" rel=\"noopener\">www.stbk-stuttgart.de<\/a>\u00a0eingesehen werden. Sie sind auch auf der Internetseite der Bundessteuerberaterkammer unter\u00a0<a title=\"Zum Internetauftritt der Bundessteuerberaterkammer\" href=\"http:\/\/www.bstbk.de\/\" target=\"_blank\" rel=\"noopener\">www.bstbk.de<\/a>\u00a0abrufbar.<\/h6>\n<h6 style=\"text-align: center;\"><\/h6>\n<\/div><div class=\"fusion-text fusion-text-17\"><h2>ANGABE ZUR BERUFSHAFTPFLICHTVERSICHERUNG<\/h2>\n<h2 style=\"text-align: center;\"><\/h2>\n<\/div><div class=\"fusion-text fusion-text-18\"><h6>R+V Allgemeine Versicherung AG, 65189 Wiesbaden<\/h6>\n<h6>R\u00e4umlicher Geltungsbereich: Versicherungsschutz besteht f\u00fcr T\u00e4tigkeit, die deutschem oder europ\u00e4ischem Recht unterliegen.<\/h6>\n<h6 style=\"text-align: center;\"><\/h6>\n<\/div><div class=\"fusion-text fusion-text-19\"><h2>HAFTUNGSAUSSCHLUSS<\/h2>\n<h2 style=\"text-align: center;\"><\/h2>\n<\/div><div class=\"fusion-text fusion-text-20\"><h6>Der Anbieter \u00fcbernimmt keine Gewahr f\u00fcr die Aktualit\u00e4t, Richtigkeit und Vollst\u00e4ndigkeit der bereitgestellten Informationen auf seinen lnternetseiten. Die Haftung des Anbieters f\u00fcr die Inhalte der Homepage und deren Nutzung wird auf Vorsatz und grob fahrl\u00e4ssiges Verschulden beschrankt. Der Anbieter haftet insbesondere nicht f\u00fcr Fehler bei der \u00dcbertragung von Schriftst\u00fccken oder auf Grund einer unbefugten Ver\u00e4nderung durch Dritte.<\/h6>\n<h6>Der Anbieter ist nicht verantwortlich f\u00fcr den Inhalt anderer lnternetseiten, auf die durch Links verwiesen wird. Es hat lediglich eine \u00dcberpr\u00fcfung der verlinkten Seiten zum Zeitpunkt der Linksetzung stattgefunden, bei der keine Anhaltspunkte f\u00fcr illegale Inhalte entdeckt wurden.<\/h6>\n<h6 style=\"text-align: center;\"><\/h6>\n<\/div><style type=\"text\/css\">@media only screen and (max-width:1024px) {.fusion-title.fusion-title-2{margin-top:10px!important;margin-bottom:15px!important;}}@media only screen and (max-width:640px) {.fusion-title.fusion-title-2{margin-top:10px!important;margin-bottom:10px!important;}}<\/style><div class=\"fusion-title title fusion-title-2 fusion-sep-none fusion-title-text fusion-title-size-one\" style=\"margin-top:10px;margin-bottom:15px;\"><h1 class=\"title-heading-left\" style=\"margin:0;\">INFORMATION NACH DEM VERBRAUCHERSTREIT\u00adBEILEGUNGSGESETZ<\/h1><\/div><div class=\"fusion-text fusion-text-21\"><h6 style=\"text-align: left;\">Es besteht keine Verpflichtung und keine Bereitschaft zur Teilnahme an einem Streitbeilegungsverfahren vor einer Verbraucherschlichtungsstelle<\/h6>\n<\/div><\/div><\/div><style type=\"text\/css\">.fusion-body .fusion-builder-column-0{width:100% !important;margin-top : 0px;margin-bottom : 20px;}.fusion-builder-column-0 > .fusion-column-wrapper {padding-top : 0px !important;padding-right : 0px !important;margin-right : 1.92%;padding-bottom : 0px !important;padding-left : 0px !important;margin-left : 1.92%;}@media only screen and (max-width:1024px) {.fusion-body .fusion-builder-column-0{width:100% !important;order : 0;}.fusion-builder-column-0 > .fusion-column-wrapper {margin-right : 1.92%;margin-left : 1.92%;}}@media only screen and (max-width:640px) {.fusion-body .fusion-builder-column-0{width:100% !important;order : 0;}.fusion-builder-column-0 > .fusion-column-wrapper {margin-right : 1.92%;margin-left : 1.92%;}}<\/style><\/div><style type=\"text\/css\">.fusion-body .fusion-flex-container.fusion-builder-row-1{ padding-top : 0px;margin-top : 0px;padding-right : 0px;padding-bottom : 0px;margin-bottom : 0px;padding-left : 0px;}<\/style><\/div>\n","protected":false},"excerpt":{"rendered":"","protected":false},"author":1,"featured_media":0,"parent":0,"menu_order":0,"comment_status":"closed","ping_status":"closed","template":"","meta":{"footnotes":""},"class_list":["post-4277","page","type-page","status-publish","hentry"],"_links":{"self":[{"href":"https:\/\/rat-stuttgart.de\/index.php?rest_route=\/wp\/v2\/pages\/4277","targetHints":{"allow":["GET"]}}],"collection":[{"href":"https:\/\/rat-stuttgart.de\/index.php?rest_route=\/wp\/v2\/pages"}],"about":[{"href":"https:\/\/rat-stuttgart.de\/index.php?rest_route=\/wp\/v2\/types\/page"}],"author":[{"embeddable":true,"href":"https:\/\/rat-stuttgart.de\/index.php?rest_route=\/wp\/v2\/users\/1"}],"replies":[{"embeddable":true,"href":"https:\/\/rat-stuttgart.de\/index.php?rest_route=%2Fwp%2Fv2%2Fcomments&post=4277"}],"version-history":[{"count":10,"href":"https:\/\/rat-stuttgart.de\/index.php?rest_route=\/wp\/v2\/pages\/4277\/revisions"}],"predecessor-version":[{"id":5244,"href":"https:\/\/rat-stuttgart.de\/index.php?rest_route=\/wp\/v2\/pages\/4277\/revisions\/5244"}],"wp:attachment":[{"href":"https:\/\/rat-stuttgart.de\/index.php?rest_route=%2Fwp%2Fv2%2Fmedia&parent=4277"}],"curies":[{"name":"wp","href":"https:\/\/api.w.org\/{rel}","templated":true}]}}